{"id":74,"date":"2023-07-22T12:18:14","date_gmt":"2023-07-22T12:18:14","guid":{"rendered":"https:\/\/aibusinessconsulting.hu\/?page_id=74"},"modified":"2023-07-22T13:28:58","modified_gmt":"2023-07-22T13:28:58","slug":"blog","status":"publish","type":"page","link":"https:\/\/aibusinessconsulting.hu\/index.php\/blog\/","title":{"rendered":"Blog"},"content":{"rendered":"<p>[et_pb_section fb_built=&#8221;1&#8243; admin_label=&#8221;Post Slider&#8221; _builder_version=&#8221;4.19.5&#8243; _module_preset=&#8221;default&#8221; background_color=&#8221;gcid-1bcf785a-50e1-437b-b09f-65567babc1de&#8221; collapsed=&#8221;on&#8221; global_colors_info=&#8221;{%22gcid-1bcf785a-50e1-437b-b09f-65567babc1de%22:%91%22background_color%22%93}&#8221;][et_pb_row _builder_version=&#8221;4.19.5&#8243; _module_preset=&#8221;default&#8221; width_tablet=&#8221;70%&#8221; width_phone=&#8221;70%&#8221; width_last_edited=&#8221;off|desktop&#8221; global_colors_info=&#8221;{}&#8221;][et_pb_column type=&#8221;4_4&#8243; _builder_version=&#8221;4.19.2&#8243; _module_preset=&#8221;default&#8221; global_colors_info=&#8221;{}&#8221;][et_pb_text _builder_version=&#8221;4.19.2&#8243; _module_preset=&#8221;f961873b-5010-40fc-a304-1825fa04da86&#8243; custom_margin=&#8221;||10px||false|false&#8221; global_colors_info=&#8221;{}&#8221;]<\/p>\n<h1>Blog<\/h1>\n<p>[\/et_pb_text][et_pb_post_slider posts_number=&#8221;3&#8243; include_categories=&#8221;4&#8243; _builder_version=&#8221;4.19.5&#8243; _module_preset=&#8221;6146d04f-7d7e-42dc-bc14-a6f190d5b2dd&#8221; header_font_size=&#8221;35px&#8221; meta_font=&#8221;|700|||||||&#8221; background_enable_color=&#8221;off&#8221; custom_margin=&#8221;||||false|false&#8221; text_shadow_style=&#8221;preset1&#8243; text_shadow_color=&#8221;RGBA(255,255,255,0)&#8221; locked=&#8221;off&#8221; text_font_size_tablet=&#8221;15px&#8221; text_font_size_phone=&#8221;14px&#8221; text_font_size_last_edited=&#8221;on|desktop&#8221;][\/et_pb_post_slider][\/et_pb_column][\/et_pb_row][et_pb_row column_structure=&#8221;1_3,2_3&#8243; _builder_version=&#8221;4.19.2&#8243; _module_preset=&#8221;default&#8221; global_colors_info=&#8221;{}&#8221;][et_pb_column type=&#8221;1_3&#8243; _builder_version=&#8221;4.19.2&#8243; _module_preset=&#8221;default&#8221; global_colors_info=&#8221;{}&#8221;][et_pb_blog posts_number=&#8221;2&#8243; include_categories=&#8221;2&#8243; use_manual_excerpt=&#8221;off&#8221; excerpt_length=&#8221;60&#8243; show_pagination=&#8221;off&#8221; _builder_version=&#8221;4.19.5&#8243; _module_preset=&#8221;3594a4dd-fb0c-45d4-9db8-17b45c7de47b&#8221; locked=&#8221;off&#8221; global_colors_info=&#8221;{}&#8221;][\/et_pb_blog][\/et_pb_column][et_pb_column type=&#8221;2_3&#8243; _builder_version=&#8221;4.19.2&#8243; _module_preset=&#8221;default&#8221; global_colors_info=&#8221;{}&#8221;][et_pb_blog posts_number=&#8221;1&#8243; include_categories=&#8221;10&#8243; _builder_version=&#8221;4.19.5&#8243; _module_preset=&#8221;3594a4dd-fb0c-45d4-9db8-17b45c7de47b&#8221; custom_margin=&#8221;||30px||false|false&#8221; locked=&#8221;off&#8221; global_colors_info=&#8221;{}&#8221;][\/et_pb_blog][\/et_pb_column][\/et_pb_row][et_pb_row _builder_version=&#8221;4.19.5&#8243; _module_preset=&#8221;default&#8221; max_width=&#8221;800px&#8221; locked=&#8221;off&#8221; global_colors_info=&#8221;{}&#8221;][et_pb_column type=&#8221;4_4&#8243; _builder_version=&#8221;4.19.2&#8243; _module_preset=&#8221;default&#8221; global_colors_info=&#8221;{}&#8221;][et_pb_text _builder_version=&#8221;4.21.0&#8243; _module_preset=&#8221;8c9d556b-ca7e-4734-a479-724af24ccc66&#8243; text_orientation=&#8221;center&#8221; custom_margin=&#8221;||10px||false|false&#8221; hover_enabled=&#8221;0&#8243; global_colors_info=&#8221;{}&#8221; sticky_enabled=&#8221;0&#8243;]<\/p>\n<h2>Csatlakozzon a h\u00edrlevel\u00fcnkh\u00f6z!<\/h2>\n<p>[\/et_pb_text][et_pb_signup provider=&#8221;mailerlite&#8221; mailerlite_list=&#8221;AI Business Consulting Kft,|94388315303708236&#8243; name_field=&#8221;on&#8221; _builder_version=&#8221;4.21.0&#8243; _module_preset=&#8221;198f651b-c3af-4212-9510-306d0402260e&#8221; hover_enabled=&#8221;0&#8243; locked=&#8221;off&#8221; global_colors_info=&#8221;{}&#8221; button_bg_color=&#8221;#E06100&#8243; button_bg_enable_color=&#8221;on&#8221; sticky_enabled=&#8221;0&#8243;][\/et_pb_signup][\/et_pb_column][\/et_pb_row][\/et_pb_section][et_pb_section fb_built=&#8221;1&#8243; admin_label=&#8221;Subscribe&#8221; _builder_version=&#8221;4.19.5&#8243; _module_preset=&#8221;default&#8221; background_color=&#8221;gcid-1bcf785a-50e1-437b-b09f-65567babc1de&#8221; collapsed=&#8221;on&#8221; global_colors_info=&#8221;{%22gcid-1bcf785a-50e1-437b-b09f-65567babc1de%22:%91%22background_color%22%93}&#8221;][\/et_pb_section][et_pb_section fb_built=&#8221;1&#8243; admin_label=&#8221;Footer&#8221; _builder_version=&#8221;4.19.5&#8243; _module_preset=&#8221;default&#8221; background_color=&#8221;gcid-1bcf785a-50e1-437b-b09f-65567babc1de&#8221; use_background_color_gradient=&#8221;on&#8221; background_color_gradient_stops=&#8221;gcid-1bcf785a-50e1-437b-b09f-65567babc1de 0%|rgba(255,255,255,0) 30%&#8221; background_color_gradient_overlays_image=&#8221;on&#8221; background_image=&#8221;https:\/\/aibusinessconsulting.hu\/wp-content\/uploads\/2023\/07\/ai-49c.jpg&#8221; background_last_edited=&#8221;on|tablet&#8221; background_position_tablet=&#8221;center_left&#8221; saved_tabs=&#8221;all&#8221; collapsed=&#8221;on&#8221; global_colors_info=&#8221;{%22gcid-1bcf785a-50e1-437b-b09f-65567babc1de%22:%91%22background_color%22,%22background_color_gradient_stops%22%93}&#8221;][et_pb_row column_structure=&#8221;1_5,1_5,1_5,1_5,1_5&#8243; _builder_version=&#8221;4.19.2&#8243; _module_preset=&#8221;default&#8221; global_colors_info=&#8221;{}&#8221;][et_pb_column type=&#8221;1_5&#8243; _builder_version=&#8221;4.19.2&#8243; _module_preset=&#8221;default&#8221; global_colors_info=&#8221;{}&#8221;][et_pb_image src=&#8221;https:\/\/aibusinessconsulting.hu\/wp-content\/uploads\/2023\/07\/cropped-A.I.-Business-Consulting-Logo-1500&#215;1500-1.png&#8221; title_text=&#8221;cropped-A.I.-Business-Consulting-Logo-1500&#215;1500-1.png&#8221; url=&#8221;@ET-DC@eyJkeW5hbWljIjp0cnVlLCJjb250ZW50IjoiaG9tZV91cmwiLCJzZXR0aW5ncyI6e319@&#8221; _builder_version=&#8221;4.21.0&#8243; _dynamic_attributes=&#8221;url&#8221; _module_preset=&#8221;default&#8221; max_height=&#8221;80px&#8221; hover_enabled=&#8221;0&#8243; global_colors_info=&#8221;{}&#8221; sticky_enabled=&#8221;0&#8243;][\/et_pb_image][\/et_pb_column][et_pb_column type=&#8221;1_5&#8243; _builder_version=&#8221;4.19.2&#8243; _module_preset=&#8221;default&#8221; global_colors_info=&#8221;{}&#8221;][et_pb_text _builder_version=&#8221;4.19.2&#8243; _module_preset=&#8221;70143b95-1e5a-4352-a5e3-3ff6a9da78cc&#8221; custom_margin=&#8221;||20px||false|false&#8221; global_colors_info=&#8221;{}&#8221;]<\/p>\n<h5>Quick Links<\/h5>\n<p>[\/et_pb_text][et_pb_text _builder_version=&#8221;4.19.2&#8243; _module_preset=&#8221;33defa4c-a8e7-428d-a09d-4df849123efe&#8221; link_text_color=&#8221;rgba(255,255,255,0.75)&#8221; custom_margin=&#8221;||10px||false|false&#8221; global_colors_info=&#8221;{}&#8221;]<a href=\"#\">Products<\/a>[\/et_pb_text][et_pb_text _builder_version=&#8221;4.19.2&#8243; _module_preset=&#8221;33defa4c-a8e7-428d-a09d-4df849123efe&#8221; link_text_color=&#8221;rgba(255,255,255,0.75)&#8221; custom_margin=&#8221;||10px||false|false&#8221; global_colors_info=&#8221;{}&#8221;]<a href=\"#\">Case Studies<\/a>[\/et_pb_text][et_pb_text _builder_version=&#8221;4.19.2&#8243; _module_preset=&#8221;33defa4c-a8e7-428d-a09d-4df849123efe&#8221; link_text_color=&#8221;rgba(255,255,255,0.75)&#8221; custom_margin=&#8221;||10px||false|false&#8221; global_colors_info=&#8221;{}&#8221;]<\/p>\n<p><a href=\"#\">Media Library<\/a><\/p>\n<p>[\/et_pb_text][et_pb_text _builder_version=&#8221;4.19.2&#8243; _module_preset=&#8221;33defa4c-a8e7-428d-a09d-4df849123efe&#8221; link_text_color=&#8221;rgba(255,255,255,0.75)&#8221; custom_margin=&#8221;||10px||false|false&#8221; global_colors_info=&#8221;{}&#8221;]<a href=\"#\">Knowledge Center<\/a>[\/et_pb_text][et_pb_text _builder_version=&#8221;4.19.2&#8243; _module_preset=&#8221;33defa4c-a8e7-428d-a09d-4df849123efe&#8221; link_text_color=&#8221;rgba(255,255,255,0.75)&#8221; custom_margin=&#8221;||10px||false|false&#8221; global_colors_info=&#8221;{}&#8221;]<a href=\"#\">Divi AI Community<\/a>[\/et_pb_text][\/et_pb_column][et_pb_column type=&#8221;1_5&#8243; _builder_version=&#8221;4.19.2&#8243; _module_preset=&#8221;default&#8221; global_colors_info=&#8221;{}&#8221;][et_pb_text _builder_version=&#8221;4.19.2&#8243; _module_preset=&#8221;70143b95-1e5a-4352-a5e3-3ff6a9da78cc&#8221; custom_margin=&#8221;||20px||false|false&#8221; global_colors_info=&#8221;{}&#8221;]<\/p>\n<h5>About<\/h5>\n<p>[\/et_pb_text][et_pb_text _builder_version=&#8221;4.19.2&#8243; _module_preset=&#8221;33defa4c-a8e7-428d-a09d-4df849123efe&#8221; link_text_color=&#8221;rgba(255,255,255,0.75)&#8221; custom_margin=&#8221;||10px||false|false&#8221; global_colors_info=&#8221;{}&#8221;]<a href=\"#\">Company Info<\/a>[\/et_pb_text][et_pb_text _builder_version=&#8221;4.19.2&#8243; _module_preset=&#8221;33defa4c-a8e7-428d-a09d-4df849123efe&#8221; link_text_color=&#8221;rgba(255,255,255,0.75)&#8221; custom_margin=&#8221;||10px||false|false&#8221; global_colors_info=&#8221;{}&#8221;]<a href=\"#\">Investor Relations<\/a>[\/et_pb_text][et_pb_text _builder_version=&#8221;4.19.2&#8243; _module_preset=&#8221;33defa4c-a8e7-428d-a09d-4df849123efe&#8221; link_text_color=&#8221;rgba(255,255,255,0.75)&#8221; custom_margin=&#8221;||10px||false|false&#8221; global_colors_info=&#8221;{}&#8221;]<a href=\"#\">Careers<\/a>[\/et_pb_text][et_pb_text _builder_version=&#8221;4.19.2&#8243; _module_preset=&#8221;33defa4c-a8e7-428d-a09d-4df849123efe&#8221; link_text_color=&#8221;rgba(255,255,255,0.75)&#8221; custom_margin=&#8221;||10px||false|false&#8221; global_colors_info=&#8221;{}&#8221;]<a href=\"#\">News and Press<\/a>[\/et_pb_text][et_pb_text _builder_version=&#8221;4.19.2&#8243; _module_preset=&#8221;33defa4c-a8e7-428d-a09d-4df849123efe&#8221; link_text_color=&#8221;rgba(255,255,255,0.75)&#8221; custom_margin=&#8221;||10px||false|false&#8221; global_colors_info=&#8221;{}&#8221;]<a href=\"#\">Events<\/a>[\/et_pb_text][et_pb_text _builder_version=&#8221;4.19.2&#8243; _module_preset=&#8221;33defa4c-a8e7-428d-a09d-4df849123efe&#8221; link_text_color=&#8221;rgba(255,255,255,0.75)&#8221; custom_margin=&#8221;||10px||false|false&#8221; global_colors_info=&#8221;{}&#8221;]<a href=\"#\">Customer Stories<\/a>[\/et_pb_text][\/et_pb_column][et_pb_column type=&#8221;1_5&#8243; _builder_version=&#8221;4.19.2&#8243; _module_preset=&#8221;default&#8221; global_colors_info=&#8221;{}&#8221;][et_pb_text _builder_version=&#8221;4.19.2&#8243; _module_preset=&#8221;70143b95-1e5a-4352-a5e3-3ff6a9da78cc&#8221; custom_margin=&#8221;||20px||false|false&#8221; global_colors_info=&#8221;{}&#8221;]<\/p>\n<h5>Site Info<\/h5>\n<p>[\/et_pb_text][et_pb_text _builder_version=&#8221;4.19.2&#8243; _module_preset=&#8221;33defa4c-a8e7-428d-a09d-4df849123efe&#8221; link_text_color=&#8221;rgba(255,255,255,0.75)&#8221; custom_margin=&#8221;||10px||false|false&#8221; global_colors_info=&#8221;{}&#8221;]<a href=\"#\">Legal<\/a>[\/et_pb_text][et_pb_text _builder_version=&#8221;4.19.2&#8243; _module_preset=&#8221;33defa4c-a8e7-428d-a09d-4df849123efe&#8221; link_text_color=&#8221;rgba(255,255,255,0.75)&#8221; custom_margin=&#8221;||10px||false|false&#8221; global_colors_info=&#8221;{}&#8221;]<a href=\"#\">Privacy Policy<\/a>[\/et_pb_text][et_pb_text _builder_version=&#8221;4.19.2&#8243; _module_preset=&#8221;33defa4c-a8e7-428d-a09d-4df849123efe&#8221; link_text_color=&#8221;rgba(255,255,255,0.75)&#8221; custom_margin=&#8221;||10px||false|false&#8221; global_colors_info=&#8221;{}&#8221;]<a href=\"#\">Cookies Settings<\/a>[\/et_pb_text][et_pb_text _builder_version=&#8221;4.19.2&#8243; _module_preset=&#8221;33defa4c-a8e7-428d-a09d-4df849123efe&#8221; link_text_color=&#8221;rgba(255,255,255,0.75)&#8221; custom_margin=&#8221;||10px||false|false&#8221; global_colors_info=&#8221;{}&#8221;]<a href=\"#\">Terms of Use<\/a>[\/et_pb_text][et_pb_text _builder_version=&#8221;4.19.2&#8243; _module_preset=&#8221;33defa4c-a8e7-428d-a09d-4df849123efe&#8221; link_text_color=&#8221;rgba(255,255,255,0.75)&#8221; custom_margin=&#8221;||10px||false|false&#8221; global_colors_info=&#8221;{}&#8221;]<a href=\"#\">Trademarks<\/a>[\/et_pb_text][et_pb_text _builder_version=&#8221;4.19.2&#8243; _module_preset=&#8221;33defa4c-a8e7-428d-a09d-4df849123efe&#8221; link_text_color=&#8221;rgba(255,255,255,0.75)&#8221; custom_margin=&#8221;||10px||false|false&#8221; global_colors_info=&#8221;{}&#8221;]<a href=\"#\">Trust Center<\/a>[\/et_pb_text][\/et_pb_column][et_pb_column type=&#8221;1_5&#8243; _builder_version=&#8221;4.19.2&#8243; _module_preset=&#8221;default&#8221; global_colors_info=&#8221;{}&#8221;][et_pb_text _builder_version=&#8221;4.19.2&#8243; _module_preset=&#8221;70143b95-1e5a-4352-a5e3-3ff6a9da78cc&#8221; custom_margin=&#8221;||20px||false|false&#8221; global_colors_info=&#8221;{}&#8221;]<\/p>\n<h5>Contact<\/h5>\n<p>[\/et_pb_text][et_pb_text _builder_version=&#8221;4.19.2&#8243; _module_preset=&#8221;33defa4c-a8e7-428d-a09d-4df849123efe&#8221; link_text_color=&#8221;rgba(255,255,255,0.75)&#8221; custom_margin=&#8221;||10px||false|false&#8221; global_colors_info=&#8221;{}&#8221;]<a href=\"#\">FAQ<\/a>[\/et_pb_text][et_pb_text _builder_version=&#8221;4.19.2&#8243; _module_preset=&#8221;33defa4c-a8e7-428d-a09d-4df849123efe&#8221; link_text_color=&#8221;rgba(255,255,255,0.75)&#8221; custom_margin=&#8221;||10px||false|false&#8221; global_colors_info=&#8221;{}&#8221;]<a href=\"#\">Contact Us<\/a>[\/et_pb_text][et_pb_text _builder_version=&#8221;4.19.2&#8243; _module_preset=&#8221;33defa4c-a8e7-428d-a09d-4df849123efe&#8221; link_text_color=&#8221;rgba(255,255,255,0.75)&#8221; custom_margin=&#8221;||10px||false|false&#8221; global_colors_info=&#8221;{}&#8221;]<a href=\"#\">Chat Now<\/a>[\/et_pb_text][et_pb_text _builder_version=&#8221;4.19.2&#8243; _module_preset=&#8221;33defa4c-a8e7-428d-a09d-4df849123efe&#8221; link_text_color=&#8221;rgba(255,255,255,0.75)&#8221; custom_margin=&#8221;||10px||false|false&#8221; global_colors_info=&#8221;{}&#8221;]<a href=\"#\">Newsletter<\/a>[\/et_pb_text][\/et_pb_column][\/et_pb_row][et_pb_row _builder_version=&#8221;4.19.2&#8243; _module_preset=&#8221;default&#8221; global_colors_info=&#8221;{}&#8221;][et_pb_column type=&#8221;4_4&#8243; _builder_version=&#8221;4.19.2&#8243; _module_preset=&#8221;default&#8221; global_colors_info=&#8221;{}&#8221;][et_pb_menu submenu_direction=&#8221;upwards&#8221; active_link_color=&#8221;gcid-39bb5ebd-8d97-4670-a45a-b1ffd711f3fc&#8221; dropdown_menu_bg_color=&#8221;gcid-f1f9244b-c8ab-43e1-95c3-c0bdf69ac7b5&#8243; dropdown_menu_line_color=&#8221;gcid-714b9843-c3e2-4fdc-916a-785e28b7a70d&#8221; dropdown_menu_text_color=&#8221;#FFFFFF&#8221; dropdown_menu_active_link_color=&#8221;gcid-39bb5ebd-8d97-4670-a45a-b1ffd711f3fc&#8221; mobile_menu_bg_color=&#8221;gcid-f1f9244b-c8ab-43e1-95c3-c0bdf69ac7b5&#8243; mobile_menu_text_color=&#8221;#FFFFFF&#8221; logo_url=&#8221;@ET-DC@eyJkeW5hbWljIjp0cnVlLCJjb250ZW50IjoiaG9tZV91cmwiLCJzZXR0aW5ncyI6e319@&#8221; cart_icon_color=&#8221;gcid-39bb5ebd-8d97-4670-a45a-b1ffd711f3fc&#8221; search_icon_color=&#8221;gcid-39bb5ebd-8d97-4670-a45a-b1ffd711f3fc&#8221; menu_icon_color=&#8221;gcid-39bb5ebd-8d97-4670-a45a-b1ffd711f3fc&#8221; _builder_version=&#8221;4.19.5&#8243; _dynamic_attributes=&#8221;logo_url&#8221; _module_preset=&#8221;default&#8221; menu_font=&#8221;Inter|700|||||||&#8221; menu_text_color=&#8221;#FFFFFF&#8221; menu_font_size=&#8221;16px&#8221; background_enable_color=&#8221;off&#8221; text_orientation=&#8221;right&#8221; global_colors_info=&#8221;{%22gcid-39bb5ebd-8d97-4670-a45a-b1ffd711f3fc%22:%91%22active_link_color%22,%22dropdown_menu_active_link_color%22,%22cart_icon_color%22,%22search_icon_color%22,%22menu_icon_color%22%93,%22gcid-f1f9244b-c8ab-43e1-95c3-c0bdf69ac7b5%22:%91%22dropdown_menu_bg_color%22,%22mobile_menu_bg_color%22%93,%22gcid-714b9843-c3e2-4fdc-916a-785e28b7a70d%22:%91%22dropdown_menu_line_color%22%93}&#8221;][\/et_pb_menu][\/et_pb_column][\/et_pb_row][\/et_pb_section]<\/p>\n","protected":false},"excerpt":{"rendered":"<p>BlogCsatlakozzon a h\u00edrlevel\u00fcnkh\u00f6z!Quick LinksProductsCase StudiesMedia LibraryKnowledge CenterDivi AI CommunityAboutCompany InfoInvestor RelationsCareersNews and PressEventsCustomer StoriesSite InfoLegalPrivacy PolicyCookies SettingsTerms of UseTrademarksTrust CenterContactFAQContact UsChat NowNewsletter<\/p>\n","protected":false},"author":1,"featured_media":0,"parent":0,"menu_order":0,"comment_status":"closed","ping_status":"closed","template":"","meta":{"_et_pb_use_builder":"on","_et_pb_old_content":"","_et_gb_content_width":"","footnotes":""},"class_list":["post-74","page","type-page","status-publish","hentry"],"yoast_head":"<!-- This site is optimized with the Yoast SEO plugin v20.12 - https:\/\/yoast.com\/wordpress\/plugins\/seo\/ -->\n<title>Blog - AI Business Consulting<\/title>\n<meta name=\"robots\" content=\"index, follow, max-snippet:-1, max-image-preview:large, max-video-preview:-1\" \/>\n<link rel=\"canonical\" href=\"https:\/\/aibusinessconsulting.hu\/index.php\/blog\/\" \/>\n<meta property=\"og:locale\" content=\"hu_HU\" \/>\n<meta property=\"og:type\" content=\"article\" \/>\n<meta property=\"og:title\" content=\"Blog - AI Business Consulting\" \/>\n<meta property=\"og:description\" content=\"BlogCsatlakozzon a h\u00edrlevel\u00fcnkh\u00f6z!Quick LinksProductsCase StudiesMedia LibraryKnowledge CenterDivi AI CommunityAboutCompany InfoInvestor RelationsCareersNews and PressEventsCustomer StoriesSite InfoLegalPrivacy PolicyCookies SettingsTerms of UseTrademarksTrust CenterContactFAQContact UsChat NowNewsletter\" \/>\n<meta property=\"og:url\" content=\"https:\/\/aibusinessconsulting.hu\/index.php\/blog\/\" \/>\n<meta property=\"og:site_name\" content=\"AI Business Consulting\" \/>\n<meta property=\"article:publisher\" content=\"https:\/\/www.facebook.com\/aibusinessconsulting\" \/>\n<meta property=\"article:modified_time\" content=\"2023-07-22T13:28:58+00:00\" \/>\n<meta name=\"twitter:card\" content=\"summary_large_image\" \/>\n<meta name=\"twitter:label1\" content=\"Becs\u00fclt olvas\u00e1si id\u0151\" \/>\n\t<meta name=\"twitter:data1\" content=\"9 perc\" \/>\n<script type=\"application\/ld+json\" class=\"yoast-schema-graph\">{\"@context\":\"https:\/\/schema.org\",\"@graph\":[{\"@type\":\"WebPage\",\"@id\":\"https:\/\/aibusinessconsulting.hu\/index.php\/blog\/\",\"url\":\"https:\/\/aibusinessconsulting.hu\/index.php\/blog\/\",\"name\":\"Blog - AI Business Consulting\",\"isPartOf\":{\"@id\":\"https:\/\/aibusinessconsulting.hu\/#website\"},\"datePublished\":\"2023-07-22T12:18:14+00:00\",\"dateModified\":\"2023-07-22T13:28:58+00:00\",\"breadcrumb\":{\"@id\":\"https:\/\/aibusinessconsulting.hu\/index.php\/blog\/#breadcrumb\"},\"inLanguage\":\"hu\",\"potentialAction\":[{\"@type\":\"ReadAction\",\"target\":[\"https:\/\/aibusinessconsulting.hu\/index.php\/blog\/\"]}]},{\"@type\":\"BreadcrumbList\",\"@id\":\"https:\/\/aibusinessconsulting.hu\/index.php\/blog\/#breadcrumb\",\"itemListElement\":[{\"@type\":\"ListItem\",\"position\":1,\"name\":\"Kezd\u0151lap\",\"item\":\"https:\/\/aibusinessconsulting.hu\/\"},{\"@type\":\"ListItem\",\"position\":2,\"name\":\"Blog\"}]},{\"@type\":\"WebSite\",\"@id\":\"https:\/\/aibusinessconsulting.hu\/#website\",\"url\":\"https:\/\/aibusinessconsulting.hu\/\",\"name\":\"AI Business Consulting\",\"description\":\"Megold\u00e1sok AI-ban, eredm\u00e9nyek a val\u00f3s vil\u00e1gban\",\"publisher\":{\"@id\":\"https:\/\/aibusinessconsulting.hu\/#organization\"},\"potentialAction\":[{\"@type\":\"SearchAction\",\"target\":{\"@type\":\"EntryPoint\",\"urlTemplate\":\"https:\/\/aibusinessconsulting.hu\/?s={search_term_string}\"},\"query-input\":\"required name=search_term_string\"}],\"inLanguage\":\"hu\"},{\"@type\":\"Organization\",\"@id\":\"https:\/\/aibusinessconsulting.hu\/#organization\",\"name\":\"AI Business Consulting Kft.\",\"url\":\"https:\/\/aibusinessconsulting.hu\/\",\"logo\":{\"@type\":\"ImageObject\",\"inLanguage\":\"hu\",\"@id\":\"https:\/\/aibusinessconsulting.hu\/#\/schema\/logo\/image\/\",\"url\":\"https:\/\/aibusinessconsulting.hu\/wp-content\/uploads\/2023\/07\/cropped-A.I.-Business-Consulting-Logo-1500x1500-1.png\",\"contentUrl\":\"https:\/\/aibusinessconsulting.hu\/wp-content\/uploads\/2023\/07\/cropped-A.I.-Business-Consulting-Logo-1500x1500-1.png\",\"width\":512,\"height\":512,\"caption\":\"AI Business Consulting Kft.\"},\"image\":{\"@id\":\"https:\/\/aibusinessconsulting.hu\/#\/schema\/logo\/image\/\"},\"sameAs\":[\"https:\/\/www.facebook.com\/aibusinessconsulting\"]}]}<\/script>\n<!-- \/ Yoast SEO plugin. -->","yoast_head_json":{"title":"Blog - AI Business Consulting","robots":{"index":"index","follow":"follow","max-snippet":"max-snippet:-1","max-image-preview":"max-image-preview:large","max-video-preview":"max-video-preview:-1"},"canonical":"https:\/\/aibusinessconsulting.hu\/index.php\/blog\/","og_locale":"hu_HU","og_type":"article","og_title":"Blog - AI Business Consulting","og_description":"BlogCsatlakozzon a h\u00edrlevel\u00fcnkh\u00f6z!Quick LinksProductsCase StudiesMedia LibraryKnowledge CenterDivi AI CommunityAboutCompany InfoInvestor RelationsCareersNews and PressEventsCustomer StoriesSite InfoLegalPrivacy PolicyCookies SettingsTerms of UseTrademarksTrust CenterContactFAQContact UsChat NowNewsletter","og_url":"https:\/\/aibusinessconsulting.hu\/index.php\/blog\/","og_site_name":"AI Business Consulting","article_publisher":"https:\/\/www.facebook.com\/aibusinessconsulting","article_modified_time":"2023-07-22T13:28:58+00:00","twitter_card":"summary_large_image","twitter_misc":{"Becs\u00fclt olvas\u00e1si id\u0151":"9 perc"},"schema":{"@context":"https:\/\/schema.org","@graph":[{"@type":"WebPage","@id":"https:\/\/aibusinessconsulting.hu\/index.php\/blog\/","url":"https:\/\/aibusinessconsulting.hu\/index.php\/blog\/","name":"Blog - AI Business Consulting","isPartOf":{"@id":"https:\/\/aibusinessconsulting.hu\/#website"},"datePublished":"2023-07-22T12:18:14+00:00","dateModified":"2023-07-22T13:28:58+00:00","breadcrumb":{"@id":"https:\/\/aibusinessconsulting.hu\/index.php\/blog\/#breadcrumb"},"inLanguage":"hu","potentialAction":[{"@type":"ReadAction","target":["https:\/\/aibusinessconsulting.hu\/index.php\/blog\/"]}]},{"@type":"BreadcrumbList","@id":"https:\/\/aibusinessconsulting.hu\/index.php\/blog\/#breadcrumb","itemListElement":[{"@type":"ListItem","position":1,"name":"Kezd\u0151lap","item":"https:\/\/aibusinessconsulting.hu\/"},{"@type":"ListItem","position":2,"name":"Blog"}]},{"@type":"WebSite","@id":"https:\/\/aibusinessconsulting.hu\/#website","url":"https:\/\/aibusinessconsulting.hu\/","name":"AI Business Consulting","description":"Megold\u00e1sok AI-ban, eredm\u00e9nyek a val\u00f3s vil\u00e1gban","publisher":{"@id":"https:\/\/aibusinessconsulting.hu\/#organization"},"potentialAction":[{"@type":"SearchAction","target":{"@type":"EntryPoint","urlTemplate":"https:\/\/aibusinessconsulting.hu\/?s={search_term_string}"},"query-input":"required name=search_term_string"}],"inLanguage":"hu"},{"@type":"Organization","@id":"https:\/\/aibusinessconsulting.hu\/#organization","name":"AI Business Consulting Kft.","url":"https:\/\/aibusinessconsulting.hu\/","logo":{"@type":"ImageObject","inLanguage":"hu","@id":"https:\/\/aibusinessconsulting.hu\/#\/schema\/logo\/image\/","url":"https:\/\/aibusinessconsulting.hu\/wp-content\/uploads\/2023\/07\/cropped-A.I.-Business-Consulting-Logo-1500x1500-1.png","contentUrl":"https:\/\/aibusinessconsulting.hu\/wp-content\/uploads\/2023\/07\/cropped-A.I.-Business-Consulting-Logo-1500x1500-1.png","width":512,"height":512,"caption":"AI Business Consulting Kft."},"image":{"@id":"https:\/\/aibusinessconsulting.hu\/#\/schema\/logo\/image\/"},"sameAs":["https:\/\/www.facebook.com\/aibusinessconsulting"]}]}},"_links":{"self":[{"href":"https:\/\/aibusinessconsulting.hu\/index.php\/wp-json\/wp\/v2\/pages\/74","targetHints":{"allow":["GET"]}}],"collection":[{"href":"https:\/\/aibusinessconsulting.hu\/index.php\/wp-json\/wp\/v2\/pages"}],"about":[{"href":"https:\/\/aibusinessconsulting.hu\/index.php\/wp-json\/wp\/v2\/types\/page"}],"author":[{"embeddable":true,"href":"https:\/\/aibusinessconsulting.hu\/index.php\/wp-json\/wp\/v2\/users\/1"}],"replies":[{"embeddable":true,"href":"https:\/\/aibusinessconsulting.hu\/index.php\/wp-json\/wp\/v2\/comments?post=74"}],"version-history":[{"count":5,"href":"https:\/\/aibusinessconsulting.hu\/index.php\/wp-json\/wp\/v2\/pages\/74\/revisions"}],"predecessor-version":[{"id":89,"href":"https:\/\/aibusinessconsulting.hu\/index.php\/wp-json\/wp\/v2\/pages\/74\/revisions\/89"}],"wp:attachment":[{"href":"https:\/\/aibusinessconsulting.hu\/index.php\/wp-json\/wp\/v2\/media?parent=74"}],"curies":[{"name":"wp","href":"https:\/\/api.w.org\/{rel}","templated":true}]}}